{"id":12265,"date":"2020-06-10T11:50:41","date_gmt":"2020-06-10T09:50:41","guid":{"rendered":"https:\/\/metalcarmona.cat\/empresa\/"},"modified":"2023-10-24T17:08:34","modified_gmt":"2023-10-24T15:08:34","slug":"empresa","status":"publish","type":"page","link":"https:\/\/metalcarmona.cat\/es\/empresa\/","title":{"rendered":"Empresa"},"content":{"rendered":"\t\t<div data-elementor-type=\"wp-page\" data-elementor-id=\"12265\" class=\"elementor elementor-12265 elementor-360\">\n\t\t\t\t\t\t\t\t\t<section class=\"elementor-section elementor-top-section elementor-element elementor-element-2709ac8 elementor-reverse-mobile elementor-section-boxed elementor-section-height-default elementor-section-height-default\" data-id=\"2709ac8\" data-element_type=\"section\">\n\t\t\t\t\t\t<div class=\"elementor-container elementor-column-gap-default\">\n\t\t\t\t\t<div class=\"elementor-column elementor-col-50 elementor-top-column elementor-element elementor-element-a99599a\" data-id=\"a99599a\" data-element_type=\"column\">\n\t\t\t<div class=\"elementor-widget-wrap elementor-element-populated\">\n\t\t\t\t\t\t\t\t<div class=\"elementor-element elementor-element-743d27f poket-star-rating--align-center elementor-widget elementor-widget-witr_section_s_image\" data-id=\"743d27f\" data-element_type=\"widget\" data-widget_type=\"witr_section_s_image.default\">\n\t\t\t\t<div class=\"elementor-widget-container\">\n\t\t\t\t\n\t\t<div class=\"single_image_area\">\n\t\t\t<div class=\"single_image single_line_option  \">\n\t\t\t\t<!-- image -->\n\t\t\t\t<img loading=\"lazy\" decoding=\"async\" width=\"1080\" height=\"1920\" src=\"https:\/\/metalcarmona.cat\/wp-content\/uploads\/2023\/08\/20150611_114452-2.jpg\" class=\"attachment-full size-full wp-image-11700\" alt=\"Empresa\" srcset=\"https:\/\/metalcarmona.cat\/wp-content\/uploads\/2023\/08\/20150611_114452-2.jpg 1080w, https:\/\/metalcarmona.cat\/wp-content\/uploads\/2023\/08\/20150611_114452-2-169x300.jpg 169w, https:\/\/metalcarmona.cat\/wp-content\/uploads\/2023\/08\/20150611_114452-2-576x1024.jpg 576w, https:\/\/metalcarmona.cat\/wp-content\/uploads\/2023\/08\/20150611_114452-2-768x1365.jpg 768w, https:\/\/metalcarmona.cat\/wp-content\/uploads\/2023\/08\/20150611_114452-2-864x1536.jpg 864w\" sizes=\"auto, (max-width: 1080px) 100vw, 1080px\" \/>\t\t\n\t\t\t\t\t\t\t\t\t\t\t<\/div>\n\t\t<\/div>\n\t\t\t\n\t\t\t\n\t\t\n\t\t\t\n\t\t\t\t<\/div>\n\t\t\t\t<\/div>\n\t\t\t\t\t<\/div>\n\t\t<\/div>\n\t\t\t\t<div class=\"elementor-column elementor-col-50 elementor-top-column elementor-element elementor-element-9d2f1c8\" data-id=\"9d2f1c8\" data-element_type=\"column\">\n\t\t\t<div class=\"elementor-widget-wrap elementor-element-populated\">\n\t\t\t\t\t\t\t\t<div class=\"elementor-element elementor-element-58bc036 poket-star-rating--align-center elementor-widget elementor-widget-witr_section_title\" data-id=\"58bc036\" data-element_type=\"widget\" data-widget_type=\"witr_section_title.default\">\n\t\t\t\t<div class=\"elementor-widget-container\">\n\t\t\t\t\t\t\t\t<!-- title left -->\n\t\t\t\t\t<div class=\"witr_section_title\">\n\t\t\t\t\t\t<div class=\"witr_section_title_inner text-left\">\n\t\t\t\t\t\t\n\t\t\t\t\t\t\t<!-- icon position -->\n\t\t\t\t\t\t\t\t\n\t\t\t\t\t\t\t<!-- end icon position -->\n\t\t\t\t\t\t\n\t\t\t\t\t\t\n\t\t\t\t\t\t\t<!-- title top -->\n\t\t\t\t\t\t\t\t\t\t\t\t\t\t\t<h2><h1>Metal\u00b7l\u00fargiques Carmona<\/h1><\/h2>\t\t\n\t\t\t\t\t\t\t\n\t\t\t\t\t\t\t<!-- icon position -->\n\t\t\t\t\t\t\t\t\n\t\t\t\t\t\t\t<!-- end icon position -->\n\n\t\t\t\t\t\t\t\n\t\t\t\t\t\t\t<!-- title middle -->\n\t\t\t\t\t\t\t\t\t\t\t\t\t\t<!-- title bottom -->\n\t\t\t\t\t\t\t\t\t\t\t\t\t\t\n\t\t\t\t\t\t\t<!-- icon position -->\n\t\t\t\t\t\t\t\t\t\t\t\t\t\t\n\t\t\t\t\t\t\t<!-- image -->\n\t\t\t\t\t\t\t\t\t\t\t\t\t\t<!-- icon -->\n\t\t\t\t\t\t\t\t\t\t\t\t\t\t\n\t\t\t\t\t\t\t<!-- bar -->\n\t\t\t\t\t\t\t\t\t\t\t\t\t\t<!-- circle bar -->\n\t\t\t\t\t\t\t\t\t\t\t\t\t\t\n\t\t\t\t\t\t\t\t\n\t\t\t\t\t\t\t<!-- end icon position -->\n\n\t\t\t\t\t\t\t<!-- content -->\n\t\t\t\t\t\t\t\t\t\t\t\t\t\t\t<p>Som una empresa de serralleria met\u00e0l\u00b7lica amb m\u00e9s de vint anys d\u2019experi\u00e8ncia especialitzada en tota classe de soldadura MIC \u2013MAG,TIC I EL\u00c8CTRODES. Treballem per empreses i particulars.\n<br><br>\nSom fabricants d\u2019estructures met\u00e0l\u00b7liques amb certificat ISO EN 1090 d'EXC1,EXC2.\n<br><br>\nTamb\u00e9 som fabricants de baranes de tota classe de materials, \u201cAcer inoxidable, Ferro i Corten\u201d\n<br><br>\nHo fabriquem tot a mida segons les necessitats de cada client. Oferim el servei de muntatge i subministrament de tota classe de portes per garatge, p\u00e0rquings, magatzems portes RF amb servei d\u2019automatismes, muntatge d\u2019alumini i tamb\u00e9 tenim el servei de manteniment\nd\u2019Empreses.\n<br><br>\nEstem especialitzats a treballar d\u2019inoxidable per empreses dedicades al nom de les c\u00e0rniques i tot el sector de l\u2019aliment\u00e0ria.\n<br><br>\nDisposem amb un servei de sorrejar tota classe de materials , ferro , inox , corten i fusta. El sorrejament o sorrejat \u00e9s una t\u00e8cnica industrial de neteja de superf\u00edcie de peces basada en la projecci\u00f3 d\u2019un material abrasiu per mitj\u00e0 d\u2019una tovera amb aire comprimit. Podem sorrejar\namb les nostres instal\u00b7lacions com poden traslladar-nos a sorrejar a l\u2019obra.\n <\/p>\t\t\n\t\t\t\t\t\t\t\t\t\t\t\t\t<\/div>\n\t\t\t\t\t\t\t<!-- inner title -->\n\t\t\t\t\t\t\t\t\t\t\t\t\t\n\t\t\t\t\t<\/div>\t\t\t\t\n\t\t\t\t\t\t<\/div>\n\t\t\t\t<\/div>\n\t\t\t\t\t<\/div>\n\t\t<\/div>\n\t\t\t\t\t\t\t<\/div>\n\t\t<\/section>\n\t\t\t\t\t\t\t<\/div>\n\t\t","protected":false},"excerpt":{"rendered":"<p>Metal\u00b7l\u00fargiques Carmona Som una empresa de serralleria met\u00e0l\u00b7lica amb m\u00e9s de vint anys d\u2019experi\u00e8ncia especialitzada en tota classe de soldadura MIC \u2013MAG,TIC I EL\u00c8CTRODES. Treballem per empreses i particulars. Som fabricants d\u2019estructures met\u00e0l\u00b7liques amb certificat ISO EN 1090 d&#8217;EXC1,EXC2. Tamb\u00e9 som fabricants de baranes de tota classe de materials, \u201cAcer inoxidable, Ferro i Corten\u201d Ho [&hellip;]<\/p>\n","protected":false},"author":2,"featured_media":0,"parent":0,"menu_order":0,"comment_status":"closed","ping_status":"closed","template":"template-home.php","meta":{"footnotes":""},"class_list":["post-12265","page","type-page","status-publish","hentry"],"yoast_head":"<!-- This site is optimized with the Yoast SEO plugin v21.1 - https:\/\/yoast.com\/wordpress\/plugins\/seo\/ -->\n<title>Expertos en construcci\u00f3n met\u00e1lica<\/title>\n<meta name=\"description\" content=\"Creamos estructuras met\u00e1licas de vanguardia con acero inoxidable y soldadura de precisi\u00f3n. Conf\u00eda en nuestra experiencia.\" \/>\n<meta name=\"robots\" content=\"index, follow, max-snippet:-1, max-image-preview:large, max-video-preview:-1\" \/>\n<link rel=\"canonical\" href=\"https:\/\/metalcarmona.cat\/es\/empresa\/\" \/>\n<meta property=\"og:locale\" content=\"es_ES\" \/>\n<meta property=\"og:type\" content=\"article\" \/>\n<meta property=\"og:title\" content=\"Expertos en construcci\u00f3n met\u00e1lica\" \/>\n<meta property=\"og:description\" content=\"Creamos estructuras met\u00e1licas de vanguardia con acero inoxidable y soldadura de precisi\u00f3n. Conf\u00eda en nuestra experiencia.\" \/>\n<meta property=\"og:url\" content=\"https:\/\/metalcarmona.cat\/es\/empresa\/\" \/>\n<meta property=\"og:site_name\" content=\"Metal\u00b7l\u00fargiques Carmona\" \/>\n<meta property=\"article:modified_time\" content=\"2023-10-24T15:08:34+00:00\" \/>\n<meta property=\"og:image\" content=\"https:\/\/metalcarmona.cat\/wp-content\/uploads\/2023\/08\/20150611_114452-2.jpg\" \/>\n<meta name=\"twitter:card\" content=\"summary_large_image\" \/>\n<meta name=\"twitter:label1\" content=\"Tiempo de lectura\" \/>\n\t<meta name=\"twitter:data1\" content=\"1 minuto\" \/>\n<script type=\"application\/ld+json\" class=\"yoast-schema-graph\">{\"@context\":\"https:\/\/schema.org\",\"@graph\":[{\"@type\":\"WebPage\",\"@id\":\"https:\/\/metalcarmona.cat\/es\/empresa\/\",\"url\":\"https:\/\/metalcarmona.cat\/es\/empresa\/\",\"name\":\"Expertos en construcci\u00f3n met\u00e1lica\",\"isPartOf\":{\"@id\":\"https:\/\/metalcarmona.cat\/#website\"},\"datePublished\":\"2020-06-10T09:50:41+00:00\",\"dateModified\":\"2023-10-24T15:08:34+00:00\",\"description\":\"Creamos estructuras met\u00e1licas de vanguardia con acero inoxidable y soldadura de precisi\u00f3n. Conf\u00eda en nuestra experiencia.\",\"breadcrumb\":{\"@id\":\"https:\/\/metalcarmona.cat\/es\/empresa\/#breadcrumb\"},\"inLanguage\":\"es\",\"potentialAction\":[{\"@type\":\"ReadAction\",\"target\":[\"https:\/\/metalcarmona.cat\/es\/empresa\/\"]}]},{\"@type\":\"BreadcrumbList\",\"@id\":\"https:\/\/metalcarmona.cat\/es\/empresa\/#breadcrumb\",\"itemListElement\":[{\"@type\":\"ListItem\",\"position\":1,\"name\":\"Inici\",\"item\":\"https:\/\/metalcarmona.cat\/es\/\"},{\"@type\":\"ListItem\",\"position\":2,\"name\":\"Empresa\"}]},{\"@type\":\"WebSite\",\"@id\":\"https:\/\/metalcarmona.cat\/#website\",\"url\":\"https:\/\/metalcarmona.cat\/\",\"name\":\"Metal\u00b7l\u00fargiques Carmona\",\"description\":\"\",\"potentialAction\":[{\"@type\":\"SearchAction\",\"target\":{\"@type\":\"EntryPoint\",\"urlTemplate\":\"https:\/\/metalcarmona.cat\/?s={search_term_string}\"},\"query-input\":\"required name=search_term_string\"}],\"inLanguage\":\"es\"}]}<\/script>\n<!-- \/ Yoast SEO plugin. -->","yoast_head_json":{"title":"Expertos en construcci\u00f3n met\u00e1lica","description":"Creamos estructuras met\u00e1licas de vanguardia con acero inoxidable y soldadura de precisi\u00f3n. Conf\u00eda en nuestra experiencia.","robots":{"index":"index","follow":"follow","max-snippet":"max-snippet:-1","max-image-preview":"max-image-preview:large","max-video-preview":"max-video-preview:-1"},"canonical":"https:\/\/metalcarmona.cat\/es\/empresa\/","og_locale":"es_ES","og_type":"article","og_title":"Expertos en construcci\u00f3n met\u00e1lica","og_description":"Creamos estructuras met\u00e1licas de vanguardia con acero inoxidable y soldadura de precisi\u00f3n. Conf\u00eda en nuestra experiencia.","og_url":"https:\/\/metalcarmona.cat\/es\/empresa\/","og_site_name":"Metal\u00b7l\u00fargiques Carmona","article_modified_time":"2023-10-24T15:08:34+00:00","og_image":[{"url":"https:\/\/metalcarmona.cat\/wp-content\/uploads\/2023\/08\/20150611_114452-2.jpg"}],"twitter_card":"summary_large_image","twitter_misc":{"Tiempo de lectura":"1 minuto"},"schema":{"@context":"https:\/\/schema.org","@graph":[{"@type":"WebPage","@id":"https:\/\/metalcarmona.cat\/es\/empresa\/","url":"https:\/\/metalcarmona.cat\/es\/empresa\/","name":"Expertos en construcci\u00f3n met\u00e1lica","isPartOf":{"@id":"https:\/\/metalcarmona.cat\/#website"},"datePublished":"2020-06-10T09:50:41+00:00","dateModified":"2023-10-24T15:08:34+00:00","description":"Creamos estructuras met\u00e1licas de vanguardia con acero inoxidable y soldadura de precisi\u00f3n. Conf\u00eda en nuestra experiencia.","breadcrumb":{"@id":"https:\/\/metalcarmona.cat\/es\/empresa\/#breadcrumb"},"inLanguage":"es","potentialAction":[{"@type":"ReadAction","target":["https:\/\/metalcarmona.cat\/es\/empresa\/"]}]},{"@type":"BreadcrumbList","@id":"https:\/\/metalcarmona.cat\/es\/empresa\/#breadcrumb","itemListElement":[{"@type":"ListItem","position":1,"name":"Inici","item":"https:\/\/metalcarmona.cat\/es\/"},{"@type":"ListItem","position":2,"name":"Empresa"}]},{"@type":"WebSite","@id":"https:\/\/metalcarmona.cat\/#website","url":"https:\/\/metalcarmona.cat\/","name":"Metal\u00b7l\u00fargiques Carmona","description":"","potentialAction":[{"@type":"SearchAction","target":{"@type":"EntryPoint","urlTemplate":"https:\/\/metalcarmona.cat\/?s={search_term_string}"},"query-input":"required name=search_term_string"}],"inLanguage":"es"}]}},"_links":{"self":[{"href":"https:\/\/metalcarmona.cat\/es\/wp-json\/wp\/v2\/pages\/12265","targetHints":{"allow":["GET"]}}],"collection":[{"href":"https:\/\/metalcarmona.cat\/es\/wp-json\/wp\/v2\/pages"}],"about":[{"href":"https:\/\/metalcarmona.cat\/es\/wp-json\/wp\/v2\/types\/page"}],"author":[{"embeddable":true,"href":"https:\/\/metalcarmona.cat\/es\/wp-json\/wp\/v2\/users\/2"}],"replies":[{"embeddable":true,"href":"https:\/\/metalcarmona.cat\/es\/wp-json\/wp\/v2\/comments?post=12265"}],"version-history":[{"count":10,"href":"https:\/\/metalcarmona.cat\/es\/wp-json\/wp\/v2\/pages\/12265\/revisions"}],"predecessor-version":[{"id":12340,"href":"https:\/\/metalcarmona.cat\/es\/wp-json\/wp\/v2\/pages\/12265\/revisions\/12340"}],"wp:attachment":[{"href":"https:\/\/metalcarmona.cat\/es\/wp-json\/wp\/v2\/media?parent=12265"}],"curies":[{"name":"wp","href":"https:\/\/api.w.org\/{rel}","templated":true}]}}